{"id":1356,"date":"2022-07-27T12:47:03","date_gmt":"2022-07-27T10:47:03","guid":{"rendered":"https:\/\/lilotpommecottage.fr\/?page_id=1356"},"modified":"2023-01-04T15:22:53","modified_gmt":"2023-01-04T14:22:53","slug":"booking","status":"publish","type":"page","link":"https:\/\/lilotpommecottage.fr\/en\/booking\/","title":{"rendered":"Make a booking"},"content":{"rendered":"\t\t<div data-elementor-type=\"wp-page\" data-elementor-id=\"1356\" class=\"elementor elementor-1356\" data-elementor-post-type=\"page\">\n\t\t\t\t\t\t<section class=\"elementor-section elementor-top-section elementor-element elementor-element-e6fa0fe elementor-section-boxed elementor-section-height-default elementor-section-height-default\" data-id=\"e6fa0fe\" data-element_type=\"section\" data-e-type=\"section\">\n\t\t\t\t\t\t<div class=\"elementor-container elementor-column-gap-default\">\n\t\t\t\t\t<div class=\"elementor-column elementor-col-100 elementor-top-column elementor-element elementor-element-6abcc5e\" data-id=\"6abcc5e\" data-element_type=\"column\" data-e-type=\"column\">\n\t\t\t<div class=\"elementor-widget-wrap elementor-element-populated\">\n\t\t\t\t\t\t<div class=\"elementor-element elementor-element-2ccde29 elementor-widget elementor-widget-spacer\" data-id=\"2ccde29\" data-element_type=\"widget\" data-e-type=\"widget\" data-widget_type=\"spacer.default\">\n\t\t\t\t<div class=\"elementor-widget-container\">\n\t\t\t\t\t\t\t<div class=\"elementor-spacer\">\n\t\t\t<div class=\"elementor-spacer-inner\"><\/div>\n\t\t<\/div>\n\t\t\t\t\t\t<\/div>\n\t\t\t\t<\/div>\n\t\t\t\t<div class=\"elementor-element elementor-element-e6ef80a elementor-widget elementor-widget-html\" data-id=\"e6ef80a\" data-element_type=\"widget\" data-e-type=\"widget\" data-widget_type=\"html.default\">\n\t\t\t\t<div class=\"elementor-widget-container\">\n\t\t\t\t\t<script src=\"\/iframeresizer.js\" type=\"text\/javascript\"><\/script>\t\t\t\t<\/div>\n\t\t\t\t<\/div>\n\t\t\t\t<div class=\"elementor-element elementor-element-8e74789 elementor-widget elementor-widget-shortcode\" data-id=\"8e74789\" data-element_type=\"widget\" data-e-type=\"widget\" data-widget_type=\"shortcode.default\">\n\t\t\t\t<div class=\"elementor-widget-container\">\n\t\t\t\t\t\t\t<div class=\"elementor-shortcode\"><div id=\"beds24target_0_149587_0\"><iframe onload=\"window.parent.parent.scrollTo(0,0)\" src =\"https:\/\/www.beds24.com\/booking2.php?1&#038;propid=149587&#038;checkin=2026-04-23&#038;numnight=3&#038;numadult=2&#038;numchild=0&#038;lang=en&#038;referer=wordpress&#038;\" width=\"1060\" height=\"4200\" style=\"max-width:100%;border:none;overflow:auto;\"><p><a href=\"https:\/\/www.beds24.com\/booking2.php?1&#038;propid=149587&#038;checkin=2026-04-23&#038;numnight=3&#038;numadult=2&#038;numchild=0&#038;lang=en&#038;referer=wordpress&#038;\">Book Now<\/a><\/p><\/iframe><\/div><\/div>\n\t\t\t\t\t\t<\/div>\n\t\t\t\t<\/div>\n\t\t\t\t<div class=\"elementor-element elementor-element-1f8f550 elementor-widget elementor-widget-html\" data-id=\"1f8f550\" data-element_type=\"widget\" data-e-type=\"widget\" data-widget_type=\"html.default\">\n\t\t\t\t<div class=\"elementor-widget-container\">\n\t\t\t\t\t<script>iFrameResize()<\/script>\t\t\t\t<\/div>\n\t\t\t\t<\/div>\n\t\t\t\t\t<\/div>\n\t\t<\/div>\n\t\t\t\t\t<\/div>\n\t\t<\/section>\n\t\t\t\t<\/div>\n\t\t","protected":false},"excerpt":{"rendered":"<p>Book Now<\/p>\n","protected":false},"author":1,"featured_media":0,"parent":0,"menu_order":0,"comment_status":"closed","ping_status":"closed","template":"","meta":{"footnotes":""},"class_list":["post-1356","page","type-page","status-publish","hentry"],"yoast_head":"<!-- This site is optimized with the Yoast SEO plugin v27.0 - https:\/\/yoast.com\/product\/yoast-seo-wordpress\/ -->\n<title>Make a booking<\/title>\n<meta name=\"description\" content=\"[beds24-embed propid=&quot;149587&quot; advancedays=&quot;1&quot; height=&quot;4200&quot; lang=&quot;en&quot;]\" \/>\n<meta name=\"robots\" content=\"index, follow, max-snippet:-1, max-image-preview:large, max-video-preview:-1\" \/>\n<link rel=\"canonical\" href=\"http:\/\/[beds24-embed%20propid=149587%20advancedays=1%20height=4200%20lang=en]\" \/>\n<meta property=\"og:locale\" content=\"en_US\" \/>\n<meta property=\"og:type\" content=\"article\" \/>\n<meta property=\"og:title\" content=\"Make a booking\" \/>\n<meta property=\"og:description\" content=\"[beds24-embed propid=&quot;149587&quot; advancedays=&quot;1&quot; height=&quot;4200&quot; lang=&quot;en&quot;]\" \/>\n<meta property=\"og:url\" content=\"https:\/\/lilotpommecottage.fr\/en\/booking\/\" \/>\n<meta property=\"og:site_name\" content=\"L&#039;\u00celot Pomme Cottage\" \/>\n<meta property=\"article:modified_time\" content=\"2023-01-04T14:22:53+00:00\" \/>\n<meta name=\"twitter:card\" content=\"summary_large_image\" \/>\n<script type=\"application\/ld+json\" class=\"yoast-schema-graph\">{\"@context\":\"https:\/\/schema.org\",\"@graph\":[{\"@type\":\"WebPage\",\"@id\":\"https:\/\/lilotpommecottage.fr\/en\/booking\/\",\"url\":\"https:\/\/lilotpommecottage.fr\/en\/booking\/\",\"name\":\"Make a booking - L&#039;\u00celot Pomme Cottage\",\"isPartOf\":{\"@id\":\"https:\/\/lilotpommecottage.fr\/#website\"},\"datePublished\":\"2022-07-27T10:47:03+00:00\",\"dateModified\":\"2023-01-04T14:22:53+00:00\",\"breadcrumb\":{\"@id\":\"https:\/\/lilotpommecottage.fr\/en\/booking\/#breadcrumb\"},\"inLanguage\":\"en-US\",\"potentialAction\":[{\"@type\":\"ReadAction\",\"target\":[\"https:\/\/lilotpommecottage.fr\/en\/booking\/\"]}]},{\"@type\":\"BreadcrumbList\",\"@id\":\"https:\/\/lilotpommecottage.fr\/en\/booking\/#breadcrumb\",\"itemListElement\":[{\"@type\":\"ListItem\",\"position\":1,\"name\":\"The Estate\",\"item\":\"https:\/\/lilotpommecottage.fr\/\"},{\"@type\":\"ListItem\",\"position\":2,\"name\":\"Make a booking\"}]},{\"@type\":\"WebSite\",\"@id\":\"https:\/\/lilotpommecottage.fr\/en\/#website\",\"url\":\"https:\/\/lilotpommecottage.fr\/en\/\",\"name\":\"L'\u00celot Pomme Cottage\",\"description\":\"Domaine de G\u00eetes et de Chambres d&#039;H\u00f4tes proche de Bayeux et des Plages du D\u00e9barquement de Normandie.\",\"publisher\":{\"@id\":\"https:\/\/lilotpommecottage.fr\/en\/#organization\"},\"potentialAction\":[{\"@type\":\"SearchAction\",\"target\":{\"@type\":\"EntryPoint\",\"urlTemplate\":\"https:\/\/lilotpommecottage.fr\/en\/?s={search_term_string}\"},\"query-input\":{\"@type\":\"PropertyValueSpecification\",\"valueRequired\":true,\"valueName\":\"search_term_string\"}}],\"inLanguage\":\"en-US\"},{\"@type\":\"Organization\",\"@id\":\"https:\/\/lilotpommecottage.fr\/en\/#organization\",\"name\":\"L'\u00celot Pomme Cottage\",\"url\":\"https:\/\/lilotpommecottage.fr\/en\/\",\"logo\":{\"@type\":\"ImageObject\",\"inLanguage\":\"en-US\",\"@id\":\"https:\/\/lilotpommecottage.fr\/en\/#\/schema\/logo\/image\/\",\"url\":\"https:\/\/lilotpommecottage.fr\/wp-content\/uploads\/2022\/07\/lilot-pomme-logo_s.svg\",\"contentUrl\":\"https:\/\/lilotpommecottage.fr\/wp-content\/uploads\/2022\/07\/lilot-pomme-logo_s.svg\",\"width\":300,\"height\":238,\"caption\":\"L'\u00celot Pomme Cottage\"},\"image\":{\"@id\":\"https:\/\/lilotpommecottage.fr\/en\/#\/schema\/logo\/image\/\"}}]}<\/script>\n<!-- \/ Yoast SEO plugin. -->","yoast_head_json":{"title":"Make a booking","description":"[beds24-embed propid=\"149587\" advancedays=\"1\" height=\"4200\" lang=\"en\"]","robots":{"index":"index","follow":"follow","max-snippet":"max-snippet:-1","max-image-preview":"max-image-preview:large","max-video-preview":"max-video-preview:-1"},"canonical":"[beds24-embed propid=\"149587\" advancedays=\"1\" height=\"4200\" lang=\"en\"]","og_locale":"en_US","og_type":"article","og_title":"Make a booking","og_description":"[beds24-embed propid=\"149587\" advancedays=\"1\" height=\"4200\" lang=\"en\"]","og_url":"https:\/\/lilotpommecottage.fr\/en\/booking\/","og_site_name":"L&#039;\u00celot Pomme Cottage","article_modified_time":"2023-01-04T14:22:53+00:00","twitter_card":"summary_large_image","schema":{"@context":"https:\/\/schema.org","@graph":[{"@type":"WebPage","@id":"https:\/\/lilotpommecottage.fr\/en\/booking\/","url":"https:\/\/lilotpommecottage.fr\/en\/booking\/","name":"Make a booking - L&#039;\u00celot Pomme Cottage","isPartOf":{"@id":"https:\/\/lilotpommecottage.fr\/#website"},"datePublished":"2022-07-27T10:47:03+00:00","dateModified":"2023-01-04T14:22:53+00:00","breadcrumb":{"@id":"https:\/\/lilotpommecottage.fr\/en\/booking\/#breadcrumb"},"inLanguage":"en-US","potentialAction":[{"@type":"ReadAction","target":["https:\/\/lilotpommecottage.fr\/en\/booking\/"]}]},{"@type":"BreadcrumbList","@id":"https:\/\/lilotpommecottage.fr\/en\/booking\/#breadcrumb","itemListElement":[{"@type":"ListItem","position":1,"name":"The Estate","item":"https:\/\/lilotpommecottage.fr\/"},{"@type":"ListItem","position":2,"name":"Make a booking"}]},{"@type":"WebSite","@id":"https:\/\/lilotpommecottage.fr\/en\/#website","url":"https:\/\/lilotpommecottage.fr\/en\/","name":"L'\u00celot Pomme Cottage","description":"Domaine de G\u00eetes et de Chambres d&#039;H\u00f4tes proche de Bayeux et des Plages du D\u00e9barquement de Normandie.","publisher":{"@id":"https:\/\/lilotpommecottage.fr\/en\/#organization"},"potentialAction":[{"@type":"SearchAction","target":{"@type":"EntryPoint","urlTemplate":"https:\/\/lilotpommecottage.fr\/en\/?s={search_term_string}"},"query-input":{"@type":"PropertyValueSpecification","valueRequired":true,"valueName":"search_term_string"}}],"inLanguage":"en-US"},{"@type":"Organization","@id":"https:\/\/lilotpommecottage.fr\/en\/#organization","name":"L'\u00celot Pomme Cottage","url":"https:\/\/lilotpommecottage.fr\/en\/","logo":{"@type":"ImageObject","inLanguage":"en-US","@id":"https:\/\/lilotpommecottage.fr\/en\/#\/schema\/logo\/image\/","url":"https:\/\/lilotpommecottage.fr\/wp-content\/uploads\/2022\/07\/lilot-pomme-logo_s.svg","contentUrl":"https:\/\/lilotpommecottage.fr\/wp-content\/uploads\/2022\/07\/lilot-pomme-logo_s.svg","width":300,"height":238,"caption":"L'\u00celot Pomme Cottage"},"image":{"@id":"https:\/\/lilotpommecottage.fr\/en\/#\/schema\/logo\/image\/"}}]}},"jetpack_sharing_enabled":true,"_links":{"self":[{"href":"https:\/\/lilotpommecottage.fr\/en\/wp-json\/wp\/v2\/pages\/1356","targetHints":{"allow":["GET"]}}],"collection":[{"href":"https:\/\/lilotpommecottage.fr\/en\/wp-json\/wp\/v2\/pages"}],"about":[{"href":"https:\/\/lilotpommecottage.fr\/en\/wp-json\/wp\/v2\/types\/page"}],"author":[{"embeddable":true,"href":"https:\/\/lilotpommecottage.fr\/en\/wp-json\/wp\/v2\/users\/1"}],"replies":[{"embeddable":true,"href":"https:\/\/lilotpommecottage.fr\/en\/wp-json\/wp\/v2\/comments?post=1356"}],"version-history":[{"count":17,"href":"https:\/\/lilotpommecottage.fr\/en\/wp-json\/wp\/v2\/pages\/1356\/revisions"}],"predecessor-version":[{"id":2380,"href":"https:\/\/lilotpommecottage.fr\/en\/wp-json\/wp\/v2\/pages\/1356\/revisions\/2380"}],"wp:attachment":[{"href":"https:\/\/lilotpommecottage.fr\/en\/wp-json\/wp\/v2\/media?parent=1356"}],"curies":[{"name":"wp","href":"https:\/\/api.w.org\/{rel}","templated":true}]}}